{"id":67,"date":"2012-07-16T17:18:13","date_gmt":"2012-07-16T17:18:13","guid":{"rendered":"http:\/\/www.nordwestkurve.com\/nwkweb\/?page_id=67"},"modified":"2013-02-07T10:33:38","modified_gmt":"2013-02-07T10:33:38","slug":"21-04-2012-ubergabe-kinderkrebshilfe","status":"publish","type":"page","link":"https:\/\/www.nordwestkurve.com\/nwkweb\/?page_id=67","title":{"rendered":"\u00dcbergabe an die Kinderkrebshilfe"},"content":{"rendered":"<p><span style=\"font-size: 13px;\">21.04.2012<\/p>\n<p>Gude SGE\u00b4ler,<\/span><br \/>\n<span style=\"font-size: 13px;\">dieses Woche war es nun endlich soweit und wir konnten der Kinderkrebshilfe in Frankfurt einen\u00a0<\/span><span style=\"font-size: 13px;\">Scheck \u00fcber 3200 Euro \u00fcberreichen. Diese beachtliche Summe blieb nach Abzug aller Kosten am Ende \u00fcbrig.<br \/>\n<\/span><br \/>\n<span style=\"font-size: 13px;\">Wir m\u00f6chten uns bei allen Fanclubs und Einzelpersonen bedanken die uns in irgendeiner Weise bei der Aktion\u00a0<\/span><span style=\"font-size: 13px;\">unterst\u00fctzt haben.\u00a0<\/span><span style=\"font-size: 13px;\">Herausheben m\u00f6chten wir dabei besonders since1899.de, die unsere Aktion st\u00e4ndig gepuscht haben.\u00a0<\/span><span style=\"font-size: 13px;\">Danke daf\u00fcr Jungs!<\/span><br \/>\n<span style=\"font-size: 13px;\"><br \/>\nAuch einen Dank an die Eintracht und vor allem Herrn Reschke der uns ohne gro\u00dfe Formalit\u00e4ten die Lizenz\u00a0f\u00fcr die Shirts erteilt hat.<\/span><br \/>\n<span style=\"font-size: 13px;\"><br \/>\nWir sollen auch im Namen der Kinderkrebshilfe ein gro\u00dfes Dankesch\u00f6n an alle weiter geben die durch den\u00a0Kauf eines Shirts die Aktion unterst\u00fctzt haben.<\/span><br \/>\n<span style=\"font-size: 13px;\"><br \/>\nAlso wie gesagt ! Ein gro\u00dfes DANKESCH\u00d6N !!!<\/span><\/p>\n<p><img loading=\"lazy\" decoding=\"async\" alt=\"\" src=\"http:\/\/www.nordwestkurve.com\/UebergabeScheck.jpg\" width=\"700\" height=\"467\" \/><\/p>\n","protected":false},"excerpt":{"rendered":"<p>21.04.2012 Gude SGE\u00b4ler, dieses Woche war es nun endlich soweit und wir konnten der Kinderkrebshilfe in Frankfurt einen\u00a0Scheck \u00fcber 3200 Euro \u00fcberreichen. Diese beachtliche Summe blieb nach Abzug aller Kosten am Ende \u00fcbrig. Wir m\u00f6chten uns bei allen Fanclubs und &hellip; <a href=\"https:\/\/www.nordwestkurve.com\/nwkweb\/?page_id=67\">Weiterlesen <span class=\"meta-nav\">&rarr;<\/span><\/a><\/p>\n","protected":false},"author":1,"featured_media":0,"parent":54,"menu_order":4,"comment_status":"closed","ping_status":"closed","template":"","meta":{"footnotes":""},"class_list":["post-67","page","type-page","status-publish","hentry"],"_links":{"self":[{"href":"https:\/\/www.nordwestkurve.com\/nwkweb\/index.php?rest_route=\/wp\/v2\/pages\/67","targetHints":{"allow":["GET"]}}],"collection":[{"href":"https:\/\/www.nordwestkurve.com\/nwkweb\/index.php?rest_route=\/wp\/v2\/pages"}],"about":[{"href":"https:\/\/www.nordwestkurve.com\/nwkweb\/index.php?rest_route=\/wp\/v2\/types\/page"}],"author":[{"embeddable":true,"href":"https:\/\/www.nordwestkurve.com\/nwkweb\/index.php?rest_route=\/wp\/v2\/users\/1"}],"replies":[{"embeddable":true,"href":"https:\/\/www.nordwestkurve.com\/nwkweb\/index.php?rest_route=%2Fwp%2Fv2%2Fcomments&post=67"}],"version-history":[{"count":9,"href":"https:\/\/www.nordwestkurve.com\/nwkweb\/index.php?rest_route=\/wp\/v2\/pages\/67\/revisions"}],"predecessor-version":[{"id":344,"href":"https:\/\/www.nordwestkurve.com\/nwkweb\/index.php?rest_route=\/wp\/v2\/pages\/67\/revisions\/344"}],"up":[{"embeddable":true,"href":"https:\/\/www.nordwestkurve.com\/nwkweb\/index.php?rest_route=\/wp\/v2\/pages\/54"}],"wp:attachment":[{"href":"https:\/\/www.nordwestkurve.com\/nwkweb\/index.php?rest_route=%2Fwp%2Fv2%2Fmedia&parent=67"}],"curies":[{"name":"wp","href":"https:\/\/api.w.org\/{rel}","templated":true}]}}